{"id":47,"date":"2022-05-27T21:03:12","date_gmt":"2022-05-27T21:03:12","guid":{"rendered":"http:\/\/colegio-santaisabel.cl\/?page_id=47"},"modified":"2023-05-15T20:10:49","modified_gmt":"2023-05-15T20:10:49","slug":"congregacion","status":"publish","type":"page","link":"https:\/\/colegio-santaisabel.cl\/?page_id=47","title":{"rendered":"CONGREGACI\u00d3N"},"content":{"rendered":"<p>[et_pb_section fb_built=\u00bb1&#8243; fullwidth=\u00bbon\u00bb admin_label=\u00bbHeader Section\u00bb _builder_version=\u00bb3.22&#8243; background_image=\u00bbhttp:\/\/colegio-santaisabel.cl\/wp-content\/uploads\/2022\/05\/hdgdgh.jpg\u00bb parallax=\u00bbon\u00bb top_divider_style=\u00bbclouds2&#8243; top_divider_color=\u00bbrgba(255,255,255,0.3)\u00bb top_divider_height=\u00bb100%\u00bb bottom_divider_height=\u00bb30px\u00bb global_colors_info=\u00bb{}\u00bb][et_pb_fullwidth_header subhead=\u00bbCongregaci\u00f3n\u00bb text_orientation=\u00bbcenter\u00bb logo_image_url=\u00bbhttp:\/\/colegio-santaisabel.cl\/wp-content\/uploads\/2022\/05\/isotipo.png\u00bb _builder_version=\u00bb4.11.1&#8243; title_level=\u00bbh2&#8243; title_font=\u00bbRubik|700||on|||||\u00bb title_text_color=\u00bb#ff7355&#8243; title_font_size=\u00bb16px\u00bb title_letter_spacing=\u00bb5px\u00bb title_line_height=\u00bb2em\u00bb content_font=\u00bbRubik||||||||\u00bb content_font_size=\u00bb18px\u00bb content_line_height=\u00bb2em\u00bb subhead_font=\u00bbRubik|700|||||||\u00bb subhead_text_color=\u00bbrgba(0,0,0,0.8)\u00bb subhead_font_size=\u00bb50px\u00bb subhead_line_height=\u00bb1.4em\u00bb background_color=\u00bbrgba(255,255,255,0)\u00bb use_background_color_gradient=\u00bbon\u00bb background_color_gradient_start=\u00bbrgba(255,255,255,0.7)\u00bb background_color_gradient_end=\u00bb#ffffff\u00bb background_enable_image=\u00bboff\u00bb background_size=\u00bbcontain\u00bb background_position=\u00bbbottom_center\u00bb custom_button_one=\u00bbon\u00bb button_one_text_size=\u00bb16px\u00bb button_one_text_color=\u00bb#ffffff\u00bb button_one_bg_color=\u00bb#ff7355&#8243; button_one_border_width=\u00bb15px\u00bb button_one_border_color=\u00bbrgba(210,159,104,0)\u00bb button_one_border_radius=\u00bb100px\u00bb button_one_letter_spacing=\u00bb0px\u00bb button_one_font=\u00bbRubik|700|||||||\u00bb button_one_use_icon=\u00bboff\u00bb custom_button_two=\u00bbon\u00bb button_two_text_size=\u00bb16px\u00bb button_two_text_color=\u00bb#ffffff\u00bb button_two_bg_color=\u00bbrgba(0,0,0,0.6)\u00bb button_two_border_width=\u00bb15px\u00bb button_two_border_color=\u00bbrgba(210,159,104,0)\u00bb button_two_border_radius=\u00bb100px\u00bb button_two_letter_spacing=\u00bb0px\u00bb button_two_font=\u00bbRubik|700|||||||\u00bb button_two_use_icon=\u00bboff\u00bb background_layout=\u00bblight\u00bb custom_margin=\u00bb|||\u00bb custom_padding=\u00bb8vw||4vw|\u00bb animation_style=\u00bbslide\u00bb animation_direction=\u00bbbottom\u00bb animation_intensity_slide=\u00bb1%\u00bb subhead_font_size_tablet=\u00bb\u00bb subhead_font_size_phone=\u00bb30px\u00bb subhead_font_size_last_edited=\u00bbon|phone\u00bb button_one_border_radius_hover=\u00bb100px\u00bb button_two_border_radius_hover=\u00bb100px\u00bb button_one_bg_color_hover=\u00bb#ff8a70&#8243; button_two_bg_color_hover=\u00bb#ff8a70&#8243; global_colors_info=\u00bb{}\u00bb button_one_text_size__hover_enabled=\u00bboff\u00bb button_two_text_size__hover_enabled=\u00bboff\u00bb button_one_text_color__hover_enabled=\u00bboff\u00bb button_two_text_color__hover_enabled=\u00bboff\u00bb button_one_border_width__hover_enabled=\u00bboff\u00bb button_two_border_width__hover_enabled=\u00bboff\u00bb button_one_border_color__hover_enabled=\u00bboff\u00bb button_two_border_color__hover_enabled=\u00bboff\u00bb button_one_border_radius__hover_enabled=\u00bbon\u00bb button_one_border_radius__hover=\u00bb100px\u00bb button_two_border_radius__hover_enabled=\u00bbon\u00bb button_two_border_radius__hover=\u00bb100px\u00bb button_one_letter_spacing__hover_enabled=\u00bboff\u00bb button_two_letter_spacing__hover_enabled=\u00bboff\u00bb button_one_bg_color__hover_enabled=\u00bbon\u00bb button_one_bg_color__hover=\u00bb#ff8a70&#8243; button_two_bg_color__hover_enabled=\u00bbon\u00bb button_two_bg_color__hover=\u00bb#ff8a70&#8243;][\/et_pb_fullwidth_header][\/et_pb_section][et_pb_section fb_built=\u00bb1&#8243; fullwidth=\u00bbon\u00bb _builder_version=\u00bb4.11.1&#8243; _module_preset=\u00bbdefault\u00bb global_colors_info=\u00bb{}\u00bb][\/et_pb_section][et_pb_section fb_built=\u00bb1&#8243; admin_label=\u00bbResources\u00bb _builder_version=\u00bb4.9.0&#8243; _module_preset=\u00bbdefault\u00bb locked=\u00bboff\u00bb global_colors_info=\u00bb{}\u00bb][et_pb_row column_structure=\u00bb3_4,1_4&#8243; _builder_version=\u00bb4.11.1&#8243; _module_preset=\u00bbdefault\u00bb background_image=\u00bbhttp:\/\/colegio-santaisabel.cl\/wp-content\/uploads\/2022\/11\/online-classroom-illustration-6-2.png\u00bb background_size=\u00bbinitial\u00bb background_position=\u00bbbottom_center\u00bb background_repeat=\u00bbrepeat-x\u00bb global_colors_info=\u00bb{}\u00bb][et_pb_column type=\u00bb3_4&#8243; _builder_version=\u00bb4.9.0&#8243; _module_preset=\u00bbdefault\u00bb global_colors_info=\u00bb{}\u00bb][et_pb_toggle title=\u00bbCongregaci\u00f3n Espa\u00f1a\u00bb open_toggle_text_color=\u00bb#000000&#8243; open_toggle_background_color=\u00bbRGBA(0,0,0,0)\u00bb closed_toggle_background_color=\u00bbRGBA(0,0,0,0)\u00bb icon_color=\u00bb#5b1e1b\u00bb _builder_version=\u00bb4.11.1&#8243; _module_preset=\u00bbdefault\u00bb title_text_color=\u00bb#000000&#8243; title_font=\u00bbRubik||||||||\u00bb title_font_size=\u00bb22px\u00bb custom_padding=\u00bb12px|0px|12px|0px|true|true\u00bb title_font_size_tablet=\u00bb20px\u00bb title_font_size_phone=\u00bb16px\u00bb title_font_size_last_edited=\u00bbon|desktop\u00bb border_width_all=\u00bb0px\u00bb global_colors_info=\u00bb{%22gcid-1a1ef5e7-0e56-426b-aff4-02aa800905cc%22:%91%93}\u00bb]<\/p>\n<p style=\"text-align: justify;\">El fin propio de la Congregaci\u00f3n es extender y consolidar el Reino de Dios, mediante la evangelizaci\u00f3n y pr\u00e1ctica de diversas obras de misericordia. Desde los or\u00edgenes realizamos nuestra misi\u00f3n, preferentemente, con la ni\u00f1ez y la juventud hu\u00e9rfana por cualquier causa.<\/p>\n<p>[\/et_pb_toggle][\/et_pb_column][et_pb_column type=\u00bb1_4&#8243; _builder_version=\u00bb4.9.0&#8243; _module_preset=\u00bbdefault\u00bb global_colors_info=\u00bb{}\u00bb][et_pb_button button_url=\u00bbhttps:\/\/carmelitastsj.org\/\u00bb url_new_window=\u00bbon\u00bb button_text=\u00bbVer\u00bb button_alignment=\u00bbleft\u00bb _builder_version=\u00bb4.11.1&#8243; _module_preset=\u00bb8184cb9b-42f7-4818-81ef-c140a1978c04&#8243; custom_button=\u00bbon\u00bb button_text_size=\u00bb14px\u00bb button_text_color=\u00bb#FFFFFF\u00bb button_bg_color=\u00bb#ff7356&#8243; button_border_width=\u00bb0px\u00bb button_border_radius=\u00bb12px\u00bb button_font=\u00bbRubik|700|||||||\u00bb button_icon=\u00bb%%36%%\u00bb custom_padding=\u00bb14px|24px|14px|24px|true|true\u00bb custom_padding_tablet=\u00bb\u00bb custom_padding_phone=\u00bb|30px||30px|true|true\u00bb custom_padding_last_edited=\u00bbon|phone\u00bb button_text_size_tablet=\u00bb16px\u00bb button_text_size_phone=\u00bb14px\u00bb button_text_size_last_edited=\u00bbon|desktop\u00bb global_colors_info=\u00bb{}\u00bb][\/et_pb_button][\/et_pb_column][\/et_pb_row][et_pb_row column_structure=\u00bb3_4,1_4&#8243; _builder_version=\u00bb4.9.0&#8243; _module_preset=\u00bbdefault\u00bb background_image=\u00bbhttp:\/\/colegio-santaisabel.cl\/wp-content\/uploads\/2022\/11\/online-classroom-illustration-6-2.png\u00bb background_size=\u00bbinitial\u00bb background_position=\u00bbbottom_center\u00bb background_repeat=\u00bbrepeat-x\u00bb global_colors_info=\u00bb{}\u00bb][et_pb_column type=\u00bb3_4&#8243; _builder_version=\u00bb4.9.0&#8243; _module_preset=\u00bbdefault\u00bb global_colors_info=\u00bb{}\u00bb][et_pb_toggle title=\u00bbColegio Vitacura\u00bb open_toggle_text_color=\u00bb#000000&#8243; open_toggle_background_color=\u00bbRGBA(0,0,0,0)\u00bb closed_toggle_background_color=\u00bbRGBA(0,0,0,0)\u00bb icon_color=\u00bb#5b1e1b\u00bb _builder_version=\u00bb4.11.1&#8243; _module_preset=\u00bbdefault\u00bb title_text_color=\u00bb#000000&#8243; title_font=\u00bbRubik||||||||\u00bb title_font_size=\u00bb22px\u00bb custom_padding=\u00bb12px|0px|12px|0px|true|true\u00bb title_font_size_tablet=\u00bb20px\u00bb title_font_size_phone=\u00bb16px\u00bb title_font_size_last_edited=\u00bbon|desktop\u00bb border_width_all=\u00bb0px\u00bb global_colors_info=\u00bb{%22gcid-1a1ef5e7-0e56-426b-aff4-02aa800905cc%22:%91%93}\u00bb]<\/p>\n<p style=\"text-align: justify;\"><span>\u201cEducar integralmente promoviendo la formaci\u00f3n val\u00f3rica y la excelencia acad\u00e9mica, de acuerdo a todas las potencialidades del estudiante, favoreciendo en la persona el crecimiento y maduraci\u00f3n en todas sus dimensiones: humana, social, ecol\u00f3gica y trascendente, de acuerdo a una concepci\u00f3n cristiana del hombre que le prepare para la transformaci\u00f3n y mejoramiento de su realidad, inspirada en la pedagog\u00eda de las madres Teresa Toda y Teresa Guasch.\u201d<\/span><\/p>\n<p>[\/et_pb_toggle][\/et_pb_column][et_pb_column type=\u00bb1_4&#8243; _builder_version=\u00bb4.9.0&#8243; _module_preset=\u00bbdefault\u00bb global_colors_info=\u00bb{}\u00bb][et_pb_button button_url=\u00bbhttp:\/\/www.carmenteresiano-vitacura.cl\/\u00bb url_new_window=\u00bbon\u00bb button_text=\u00bbVer\u00bb button_alignment=\u00bbleft\u00bb _builder_version=\u00bb4.11.1&#8243; _module_preset=\u00bb8184cb9b-42f7-4818-81ef-c140a1978c04&#8243; custom_button=\u00bbon\u00bb button_text_size=\u00bb14px\u00bb button_text_color=\u00bb#FFFFFF\u00bb button_bg_color=\u00bb#ff7356&#8243; button_border_width=\u00bb0px\u00bb button_border_radius=\u00bb12px\u00bb button_font=\u00bbRubik|700|||||||\u00bb button_icon=\u00bb%%36%%\u00bb custom_padding=\u00bb14px|24px|14px|24px|true|true\u00bb custom_padding_tablet=\u00bb\u00bb custom_padding_phone=\u00bb|30px||30px|true|true\u00bb custom_padding_last_edited=\u00bbon|phone\u00bb button_text_size_tablet=\u00bb16px\u00bb button_text_size_phone=\u00bb14px\u00bb button_text_size_last_edited=\u00bbon|desktop\u00bb global_colors_info=\u00bb{}\u00bb][\/et_pb_button][\/et_pb_column][\/et_pb_row][et_pb_row column_structure=\u00bb3_4,1_4&#8243; _builder_version=\u00bb4.11.1&#8243; _module_preset=\u00bbdefault\u00bb background_image=\u00bbhttp:\/\/colegio-santaisabel.cl\/wp-content\/uploads\/2022\/11\/online-classroom-illustration-6-2.png\u00bb background_size=\u00bbinitial\u00bb background_position=\u00bbbottom_center\u00bb background_repeat=\u00bbrepeat-x\u00bb global_colors_info=\u00bb{}\u00bb][et_pb_column type=\u00bb3_4&#8243; _builder_version=\u00bb4.9.0&#8243; _module_preset=\u00bbdefault\u00bb global_colors_info=\u00bb{}\u00bb][et_pb_toggle title=\u00bbColegio La Reina\u00bb open_toggle_text_color=\u00bb#000000&#8243; open_toggle_background_color=\u00bbRGBA(0,0,0,0)\u00bb closed_toggle_background_color=\u00bbRGBA(0,0,0,0)\u00bb icon_color=\u00bb#5b1e1b\u00bb _builder_version=\u00bb4.11.1&#8243; _module_preset=\u00bbdefault\u00bb title_text_color=\u00bb#000000&#8243; title_font=\u00bbRubik||||||||\u00bb title_font_size=\u00bb22px\u00bb custom_padding=\u00bb0px|0px|0px|0px|true|true\u00bb title_font_size_tablet=\u00bb20px\u00bb title_font_size_phone=\u00bb16px\u00bb title_font_size_last_edited=\u00bbon|desktop\u00bb border_width_all=\u00bb0px\u00bb global_colors_info=\u00bb{%22gcid-1a1ef5e7-0e56-426b-aff4-02aa800905cc%22:%91%93}\u00bb][\/et_pb_toggle][\/et_pb_column][et_pb_column type=\u00bb1_4&#8243; _builder_version=\u00bb4.9.0&#8243; _module_preset=\u00bbdefault\u00bb global_colors_info=\u00bb{}\u00bb][et_pb_button button_url=\u00bbhttps:\/\/www.carmenteresiano-lareina.cl\/\u00bb url_new_window=\u00bbon\u00bb button_text=\u00bbVer\u00bb button_alignment=\u00bbleft\u00bb _builder_version=\u00bb4.11.1&#8243; _module_preset=\u00bb8184cb9b-42f7-4818-81ef-c140a1978c04&#8243; custom_button=\u00bbon\u00bb button_text_size=\u00bb14px\u00bb button_text_color=\u00bb#FFFFFF\u00bb button_bg_color=\u00bb#ff7356&#8243; button_border_width=\u00bb0px\u00bb button_border_radius=\u00bb12px\u00bb button_font=\u00bbRubik|700|||||||\u00bb button_icon=\u00bb%%36%%\u00bb custom_padding=\u00bb14px|24px|14px|24px|true|true\u00bb custom_padding_tablet=\u00bb\u00bb custom_padding_phone=\u00bb|30px||30px|true|true\u00bb custom_padding_last_edited=\u00bbon|phone\u00bb button_text_size_tablet=\u00bb16px\u00bb button_text_size_phone=\u00bb14px\u00bb button_text_size_last_edited=\u00bbon|desktop\u00bb global_colors_info=\u00bb{}\u00bb][\/et_pb_button][\/et_pb_column][\/et_pb_row][et_pb_row column_structure=\u00bb3_4,1_4&#8243; _builder_version=\u00bb4.9.0&#8243; _module_preset=\u00bbdefault\u00bb background_image=\u00bbhttp:\/\/colegio-santaisabel.cl\/wp-content\/uploads\/2022\/11\/online-classroom-illustration-6-2.png\u00bb background_size=\u00bbinitial\u00bb background_position=\u00bbbottom_center\u00bb background_repeat=\u00bbrepeat-x\u00bb global_colors_info=\u00bb{}\u00bb][et_pb_column type=\u00bb3_4&#8243; _builder_version=\u00bb4.9.0&#8243; _module_preset=\u00bbdefault\u00bb global_colors_info=\u00bb{}\u00bb][et_pb_toggle title=\u00bbHermanas Carmelitas Teresas de San Jos\u00e9\u00bb open_toggle_text_color=\u00bb#000000&#8243; open_toggle_background_color=\u00bbRGBA(0,0,0,0)\u00bb closed_toggle_background_color=\u00bbRGBA(0,0,0,0)\u00bb icon_color=\u00bb#5b1e1b\u00bb _builder_version=\u00bb4.11.1&#8243; _module_preset=\u00bbdefault\u00bb title_text_color=\u00bb#000000&#8243; title_font=\u00bbRubik||||||||\u00bb title_font_size=\u00bb22px\u00bb custom_padding=\u00bb12px|0px|12px|0px|true|true\u00bb hover_enabled=\u00bb0&#8243; title_font_size_tablet=\u00bb20px\u00bb title_font_size_phone=\u00bb16px\u00bb title_font_size_last_edited=\u00bbon|desktop\u00bb border_width_all=\u00bb0px\u00bb global_colors_info=\u00bb{%22gcid-1a1ef5e7-0e56-426b-aff4-02aa800905cc%22:%91%93}\u00bb sticky_enabled=\u00bb0&#8243;]<\/p>\n<p style=\"text-align: justify;\"><span>\u00ab<\/span><span>Una amplia sensibilidad social nos motiva desde el Evangelio, a trabajar por la&nbsp;<\/span><span>transformaci\u00f3n de la realidad<\/span><span>&nbsp;en que vivimos.\u00bb<\/span><\/p>\n<p>[\/et_pb_toggle][\/et_pb_column][et_pb_column type=\u00bb1_4&#8243; _builder_version=\u00bb4.9.0&#8243; _module_preset=\u00bbdefault\u00bb global_colors_info=\u00bb{}\u00bb][et_pb_button button_url=\u00bbhttp:\/\/carmelitasteresas.org\/\u00bb url_new_window=\u00bbon\u00bb button_text=\u00bbVer\u00bb button_alignment=\u00bbleft\u00bb _builder_version=\u00bb4.11.1&#8243; _module_preset=\u00bb8184cb9b-42f7-4818-81ef-c140a1978c04&#8243; custom_button=\u00bbon\u00bb button_text_size=\u00bb14px\u00bb button_text_color=\u00bb#FFFFFF\u00bb button_bg_color=\u00bb#ff7356&#8243; button_border_width=\u00bb0px\u00bb button_border_radius=\u00bb12px\u00bb button_font=\u00bbRubik|700|||||||\u00bb button_icon=\u00bb%%36%%\u00bb custom_padding=\u00bb14px|24px|14px|24px|true|true\u00bb custom_padding_tablet=\u00bb\u00bb custom_padding_phone=\u00bb|30px||30px|true|true\u00bb custom_padding_last_edited=\u00bbon|phone\u00bb button_text_size_tablet=\u00bb16px\u00bb button_text_size_phone=\u00bb14px\u00bb button_text_size_last_edited=\u00bbon|desktop\u00bb global_colors_info=\u00bb{}\u00bb][\/et_pb_button][\/et_pb_column][\/et_pb_row][\/et_pb_section][et_pb_section fb_built=\u00bb1&#8243; fullwidth=\u00bbon\u00bb _builder_version=\u00bb4.11.1&#8243; _module_preset=\u00bbdefault\u00bb global_colors_info=\u00bb{}\u00bb][\/et_pb_section]<\/p>\n","protected":false},"excerpt":{"rendered":"<p>El fin propio de la Congregaci\u00f3n es extender y consolidar el Reino de Dios, mediante la evangelizaci\u00f3n y pr\u00e1ctica de diversas obras de misericordia. Desde los or\u00edgenes realizamos nuestra misi\u00f3n, preferentemente, con la ni\u00f1ez y la juventud hu\u00e9rfana por cualquier causa. \u201cEducar integralmente promoviendo la formaci\u00f3n val\u00f3rica y la excelencia acad\u00e9mica, de acuerdo a todas [&hellip;]<\/p>\n","protected":false},"author":1,"featured_media":0,"parent":0,"menu_order":0,"comment_status":"closed","ping_status":"closed","template":"","meta":{"_et_pb_use_builder":"on","_et_pb_old_content":"","_et_gb_content_width":"","footnotes":""},"class_list":["post-47","page","type-page","status-publish","hentry"],"yoast_head":"<!-- This site is optimized with the Yoast SEO plugin v20.7 - https:\/\/yoast.com\/wordpress\/plugins\/seo\/ -->\n<title>Congregaci\u00f3n Colegio Santa Isabel<\/title>\n<meta name=\"description\" content=\"Grupos de hermandad, el fin propio de una Congregaci\u00f3n es extender y consolidar el Reino de Dios mediante la evangelizaci\u00f3n.\" \/>\n<meta name=\"robots\" content=\"index, follow, max-snippet:-1, max-image-preview:large, max-video-preview:-1\" \/>\n<link rel=\"canonical\" href=\"https:\/\/colegio-santaisabel.cl\/?page_id=47\" \/>\n<meta property=\"og:locale\" content=\"es_ES\" \/>\n<meta property=\"og:type\" content=\"article\" \/>\n<meta property=\"og:title\" content=\"Congregaci\u00f3n Colegio Santa Isabel\" \/>\n<meta property=\"og:description\" content=\"Grupos de hermandad, el fin propio de una Congregaci\u00f3n es extender y consolidar el Reino de Dios mediante la evangelizaci\u00f3n.\" \/>\n<meta property=\"og:url\" content=\"https:\/\/colegio-santaisabel.cl\/?page_id=47\" \/>\n<meta property=\"og:site_name\" content=\"Colegio Santa Isabel\" \/>\n<meta property=\"article:modified_time\" content=\"2023-05-15T20:10:49+00:00\" \/>\n<meta name=\"twitter:card\" content=\"summary_large_image\" \/>\n<meta name=\"twitter:label1\" content=\"Tiempo de lectura\" \/>\n\t<meta name=\"twitter:data1\" content=\"3 minutos\" \/>\n<script type=\"application\/ld+json\" class=\"yoast-schema-graph\">{\"@context\":\"https:\/\/schema.org\",\"@graph\":[{\"@type\":\"WebPage\",\"@id\":\"https:\/\/colegio-santaisabel.cl\/?page_id=47\",\"url\":\"https:\/\/colegio-santaisabel.cl\/?page_id=47\",\"name\":\"Congregaci\u00f3n Colegio Santa Isabel\",\"isPartOf\":{\"@id\":\"https:\/\/colegio-santaisabel.cl\/#website\"},\"datePublished\":\"2022-05-27T21:03:12+00:00\",\"dateModified\":\"2023-05-15T20:10:49+00:00\",\"description\":\"Grupos de hermandad, el fin propio de una Congregaci\u00f3n es extender y consolidar el Reino de Dios mediante la evangelizaci\u00f3n.\",\"breadcrumb\":{\"@id\":\"https:\/\/colegio-santaisabel.cl\/?page_id=47#breadcrumb\"},\"inLanguage\":\"es\",\"potentialAction\":[{\"@type\":\"ReadAction\",\"target\":[\"https:\/\/colegio-santaisabel.cl\/?page_id=47\"]}]},{\"@type\":\"BreadcrumbList\",\"@id\":\"https:\/\/colegio-santaisabel.cl\/?page_id=47#breadcrumb\",\"itemListElement\":[{\"@type\":\"ListItem\",\"position\":1,\"name\":\"Portada\",\"item\":\"https:\/\/colegio-santaisabel.cl\/\"},{\"@type\":\"ListItem\",\"position\":2,\"name\":\"CONGREGACI\u00d3N\"}]},{\"@type\":\"WebSite\",\"@id\":\"https:\/\/colegio-santaisabel.cl\/#website\",\"url\":\"https:\/\/colegio-santaisabel.cl\/\",\"name\":\"Colegio Santa Isabel\",\"description\":\"El Mel\u00f3n - Nogales\",\"potentialAction\":[{\"@type\":\"SearchAction\",\"target\":{\"@type\":\"EntryPoint\",\"urlTemplate\":\"https:\/\/colegio-santaisabel.cl\/?s={search_term_string}\"},\"query-input\":\"required name=search_term_string\"}],\"inLanguage\":\"es\"}]}<\/script>\n<!-- \/ Yoast SEO plugin. -->","yoast_head_json":{"title":"Congregaci\u00f3n Colegio Santa Isabel","description":"Grupos de hermandad, el fin propio de una Congregaci\u00f3n es extender y consolidar el Reino de Dios mediante la evangelizaci\u00f3n.","robots":{"index":"index","follow":"follow","max-snippet":"max-snippet:-1","max-image-preview":"max-image-preview:large","max-video-preview":"max-video-preview:-1"},"canonical":"https:\/\/colegio-santaisabel.cl\/?page_id=47","og_locale":"es_ES","og_type":"article","og_title":"Congregaci\u00f3n Colegio Santa Isabel","og_description":"Grupos de hermandad, el fin propio de una Congregaci\u00f3n es extender y consolidar el Reino de Dios mediante la evangelizaci\u00f3n.","og_url":"https:\/\/colegio-santaisabel.cl\/?page_id=47","og_site_name":"Colegio Santa Isabel","article_modified_time":"2023-05-15T20:10:49+00:00","twitter_card":"summary_large_image","twitter_misc":{"Tiempo de lectura":"3 minutos"},"schema":{"@context":"https:\/\/schema.org","@graph":[{"@type":"WebPage","@id":"https:\/\/colegio-santaisabel.cl\/?page_id=47","url":"https:\/\/colegio-santaisabel.cl\/?page_id=47","name":"Congregaci\u00f3n Colegio Santa Isabel","isPartOf":{"@id":"https:\/\/colegio-santaisabel.cl\/#website"},"datePublished":"2022-05-27T21:03:12+00:00","dateModified":"2023-05-15T20:10:49+00:00","description":"Grupos de hermandad, el fin propio de una Congregaci\u00f3n es extender y consolidar el Reino de Dios mediante la evangelizaci\u00f3n.","breadcrumb":{"@id":"https:\/\/colegio-santaisabel.cl\/?page_id=47#breadcrumb"},"inLanguage":"es","potentialAction":[{"@type":"ReadAction","target":["https:\/\/colegio-santaisabel.cl\/?page_id=47"]}]},{"@type":"BreadcrumbList","@id":"https:\/\/colegio-santaisabel.cl\/?page_id=47#breadcrumb","itemListElement":[{"@type":"ListItem","position":1,"name":"Portada","item":"https:\/\/colegio-santaisabel.cl\/"},{"@type":"ListItem","position":2,"name":"CONGREGACI\u00d3N"}]},{"@type":"WebSite","@id":"https:\/\/colegio-santaisabel.cl\/#website","url":"https:\/\/colegio-santaisabel.cl\/","name":"Colegio Santa Isabel","description":"El Mel\u00f3n - Nogales","potentialAction":[{"@type":"SearchAction","target":{"@type":"EntryPoint","urlTemplate":"https:\/\/colegio-santaisabel.cl\/?s={search_term_string}"},"query-input":"required name=search_term_string"}],"inLanguage":"es"}]}},"_links":{"self":[{"href":"https:\/\/colegio-santaisabel.cl\/index.php?rest_route=\/wp\/v2\/pages\/47","targetHints":{"allow":["GET"]}}],"collection":[{"href":"https:\/\/colegio-santaisabel.cl\/index.php?rest_route=\/wp\/v2\/pages"}],"about":[{"href":"https:\/\/colegio-santaisabel.cl\/index.php?rest_route=\/wp\/v2\/types\/page"}],"author":[{"embeddable":true,"href":"https:\/\/colegio-santaisabel.cl\/index.php?rest_route=\/wp\/v2\/users\/1"}],"replies":[{"embeddable":true,"href":"https:\/\/colegio-santaisabel.cl\/index.php?rest_route=%2Fwp%2Fv2%2Fcomments&post=47"}],"version-history":[{"count":12,"href":"https:\/\/colegio-santaisabel.cl\/index.php?rest_route=\/wp\/v2\/pages\/47\/revisions"}],"predecessor-version":[{"id":231,"href":"https:\/\/colegio-santaisabel.cl\/index.php?rest_route=\/wp\/v2\/pages\/47\/revisions\/231"}],"wp:attachment":[{"href":"https:\/\/colegio-santaisabel.cl\/index.php?rest_route=%2Fwp%2Fv2%2Fmedia&parent=47"}],"curies":[{"name":"wp","href":"https:\/\/api.w.org\/{rel}","templated":true}]}}